{"id":584,"date":"2019-10-18T15:27:03","date_gmt":"2019-10-18T15:27:03","guid":{"rendered":"https:\/\/cdn.jevelin.shufflehound.com\/portfolio-full-width\/?page_id=584"},"modified":"2023-03-30T16:48:31","modified_gmt":"2023-03-30T14:48:31","slug":"home-portfolio-full-width","status":"publish","type":"page","link":"http:\/\/milliondeservices.com\/","title":{"rendered":"Accueil"},"content":{"rendered":"<p>[vc_row full_width=&#8221;stretch_row&#8221; content_placement=&#8221;middle&#8221; overflow=&#8221;default&#8221;][vc_column width=&#8221;1\/4&#8243; overflow=&#8221;default&#8221;][\/vc_column][vc_column width=&#8221;1\/4&#8243; overflow=&#8221;default&#8221; offset=&#8221;vc_col-lg-offset-0 vc_col-lg-2\/5&#8243;][vc_empty_space][vc_column_text]                \r\n        \t\r\n\t<style>\r\n\t\t.slider-info-1847.bafg-slider-info .bafg-slider-title {\r\n\t\t\t\t\t\tfont-size: 22px;\r\n\t\t\t\t\t\t\r\n\t\t\t\r\n\t\t\t\t\t\ttext-align: center;\r\n\t\t\t\t\t}\r\n\r\n\t\t.slider-info-1847.bafg-slider-info .bafg-slider-description {\r\n\t\t\t\r\n\t\t\t\r\n\t\t\t\t\t}\r\n\r\n\t\t.slider-info-1847.bafg-slider-info .bafg_slider_readmore_button {\r\n\t\t\t\r\n\t\t\t\r\n\t\t\t\r\n\t\t\t\r\n\t\t\t\r\n\t\t\ttext-align: center;\r\n\r\n\t\t\t\r\n\t\t\t\r\n\t\t\t\r\n\t\t\t\r\n\t\t\t\r\n\t\t\t\r\n\t\t\t\t\t}\r\n\r\n\t\t.slider-info-1847.bafg-slider-info .bafg_slider_readmore_button:hover {\r\n\r\n\t\t\t\r\n\t\t\t\r\n\t\t\t\t\t}\r\n\r\n\t<\/style>\r\n\t           \r\n            <div style=\"width: 100;    margin: 0 auto;\" class=\"bafg-twentytwenty-container bafg-on-scroll-slide slider-1847 default  bafg-autoslide\" data-label_outside=\"false\" bafg-orientation=\"horizontal\" bafg-default-offset=\"0.2\" bafg-before-label=\"Avant\" bafg-after-label=\"Apres\" bafg-overlay=\"no\" bafg-move-slider-on-hover=\"yes\" bafg-click-to-move=\"no\" bafg-autoslide=\"true\" bafg-handle=\"yes\">\r\n                <img class=\" bafg-before-image bafg-before-autoslide\" src=\"http:\/\/milliondeservices.com\/wp-content\/uploads\/2020\/05\/Sans-titre-1.png\"  alt=\"\">\r\n                <img class=\"bafg-sepia bafg-after-image bafg-after-autoslide\" src=\"http:\/\/milliondeservices.com\/wp-content\/uploads\/2020\/05\/Sans-titre-1.png\"  alt=\"\">\r\n            <\/div>\r\n                        \t<div class=\"bafg-slider-info-wraper\">\r\n\t\t<div style=\"width: 100;    margin: 0 auto;\" class=\"slider-info-1847 bafg-slider-info\">\r\n\t\t\t\t\t<\/div>\r\n\t<\/div>\r\n\t        \r\n        <style>\r\n                        .slider-1847 .twentytwenty-before-label::before,.bafg-outside-label-wrapper.twentytwenty-vertical>.twentytwenty-before-label:before {\r\n            background: #a0a0a0;\r\n            color: #279973;\r\n        }\r\n                    \r\n                .slider-1847 .twentytwenty-after-label::before,.bafg-outside-label-wrapper.twentytwenty-vertical .twentytwenty-after-label:before {\r\n            background: #a0a0a0;\r\n            color: #279973;\r\n        }\r\n                    .slider-1847 .twentytwenty-handle{\r\n                border-color: #279973 !important;\r\n            }\r\n            .slider-1847 .twentytwenty-left-arrow{\r\n                border-right-color: #279973 !important;\r\n            }\r\n            .slider-1847 .twentytwenty-right-arrow{\r\n                border-left-color: #279973 !important;\r\n            }\r\n            .twentytwenty-vertical .slider-1847 .twentytwenty-down-arrow{\r\n                border-top-color: #279973 !important;\r\n            }\r\n            .twentytwenty-vertical .slider-1847 .twentytwenty-up-arrow{\r\n                border-bottom-color: #279973 !important;\r\n            }\r\n            .slider-1847 .handle-trnasf{\r\n                border-color: #279973 !important;\r\n            }\r\n            .slider-1847 .handle-trnasf:before{\r\n                border-right-color: #279973 !important;\r\n            }\r\n            .slider-1847 .handle-trnasf:after{\r\n                border-left-color: #279973 !important;\r\n            }\r\n            .twentytwenty-horizontal .slider-1847 .twentytwenty-handle:before,\r\n            .twentytwenty-horizontal .slider-1847 .twentytwenty-handle:after,\r\n            .twentytwenty-vertical .slider-1847 .twentytwenty-handle:before,\r\n            .twentytwenty-vertical .slider-1847 .twentytwenty-handle:after{\r\n                background: #279973 !important;\r\n                -webkit-box-shadow: unset;\r\n                box-shadow: unset;\r\n            }\r\n                        .slider-1847 .twentytwenty-overlay:hover{\r\n                background-color: rgba(0, 0, 0, 0.5);\r\n            }\r\n                    <\/style>\r\n        [\/vc_column_text][\/vc_column][vc_column width=&#8221;1\/4&#8243; overflow=&#8221;default&#8221;][\/vc_column][\/vc_row][vc_row full_width=&#8221;stretch_row_content_no_spaces&#8221; content_placement=&#8221;middle&#8221; background_position=&#8221;center bottom&#8221; overflow=&#8221;default&#8221; css=&#8221;.vc_custom_1590424750574{margin-top: -25px !important;padding-top: -25px !important;}&#8221;][vc_column width=&#8221;1\/3&#8243;][\/vc_column][vc_column width=&#8221;1\/3&#8243;]\r\n            \r\n            <div class=\"sh-empty-space vc_empty_space sh-empty-space-pd1AMKWxR6  \" style=\"height: 32px\">\r\n                <span class=\"vc_empty_space_inner\"><\/span>\r\n            <\/div>\r\n\r\n        [vc_column_text]<\/p>\n<p style=\"text-align: center;\"><span style=\"font-size: 30px; color: #007471;\">MULTI-SERVICES A LYON<\/span><\/p>\n<p>[\/vc_column_text]\r\n            \r\n            <div class=\"sh-empty-space vc_empty_space sh-empty-space-otFnhQ40Ym  \" style=\"height: 32px\">\r\n                <span class=\"vc_empty_space_inner\"><\/span>\r\n            <\/div>\r\n\r\n        [\/vc_column][vc_column width=&#8221;1\/3&#8243;][\/vc_column][\/vc_row][vc_row][vc_column width=&#8221;1\/3&#8243; overflow=&#8221;default&#8221; offset=&#8221;vc_col-xs-4&#8243;][vc_column_text css=&#8221;.vc_custom_1680187706491{margin-top: -8px !important;}&#8221;]<\/p>\n<p style=\"text-align: center;\"><span style=\"color: #999999;\"><em>Peinture<\/em><\/span><\/p>\n<p>[\/vc_column_text][\/vc_column][vc_column width=&#8221;1\/3&#8243; overflow=&#8221;default&#8221; offset=&#8221;vc_col-xs-4&#8243;][vc_column_text css=&#8221;.vc_custom_1680187430351{margin-top: -8px !important;}&#8221;]<\/p>\n<p style=\"text-align: center;\"><span style=\"color: #999999;\"><i>Pl\u00e2trerie<\/i><\/span><\/p>\n<p>[\/vc_column_text][\/vc_column][vc_column width=&#8221;1\/3&#8243; overflow=&#8221;default&#8221; offset=&#8221;vc_col-xs-4&#8243;][vc_column_text css=&#8221;.vc_custom_1680187445340{margin-top: -8px !important;}&#8221;]<\/p>\n<p style=\"text-align: center;\"><span style=\"color: #999999;\"><em>Menuiserie<\/em><\/span><\/p>\n<p>[\/vc_column_text][\/vc_column][\/vc_row][vc_row][vc_column width=&#8221;1\/3&#8243; overflow=&#8221;default&#8221; offset=&#8221;vc_col-xs-4&#8243;][vc_column_text css=&#8221;.vc_custom_1680187484652{margin-top: -8px !important;}&#8221;]<\/p>\n<p style=\"text-align: center;\"><span style=\"color: #999999;\"><em>Terrasse \/ Espaces verts<\/em><\/span><\/p>\n<p>[\/vc_column_text][\/vc_column][vc_column width=&#8221;1\/3&#8243; overflow=&#8221;default&#8221; offset=&#8221;vc_col-xs-4&#8243;][vc_column_text css=&#8221;.vc_custom_1680187509595{margin-top: -8px !important;}&#8221;]<\/p>\n<p style=\"text-align: center;\"><span style=\"color: #999999;\"><span style=\"color: #999999;\"><i>Rev\u00eatements<\/i><\/span><em style=\"color: #999999;\">\u00a0de sols<\/em><\/span><\/p>\n<p>[\/vc_column_text][\/vc_column][vc_column width=&#8221;1\/3&#8243; overflow=&#8221;default&#8221; offset=&#8221;vc_col-xs-4&#8243;][vc_column_text css=&#8221;.vc_custom_1680187522833{margin-top: -8px !important;}&#8221;]<\/p>\n<p style=\"text-align: center;\"><span style=\"color: #999999;\"><i>R\u00e9novation<\/i><\/span><\/p>\n<p>[\/vc_column_text][\/vc_column][\/vc_row][vc_row overflow=&#8221;default&#8221;][vc_column width=&#8221;1\/3&#8243; overflow=&#8221;default&#8221; offset=&#8221;vc_col-xs-4&#8243;][vc_column_text css=&#8221;.vc_custom_1680187542061{margin-top: -8px !important;}&#8221;]<\/p>\n<p style=\"text-align: center;\"><span style=\"color: #999999;\"><em>D\u00e9m\u00e9nagement \/ D\u00e9barras<\/em><\/span><\/p>\n<p>[\/vc_column_text][\/vc_column][vc_column width=&#8221;1\/3&#8243; overflow=&#8221;default&#8221; offset=&#8221;vc_col-xs-4&#8243;][vc_column_text css=&#8221;.vc_custom_1680187563491{margin-top: -8px !important;}&#8221;]<\/p>\n<p style=\"text-align: center;\"><span style=\"color: #999999;\"><span style=\"color: #999999;\"><i>Lev\u00e9es<\/i><\/span><em style=\"color: #999999;\">\u00a0de\u00a0<\/em><\/span><span style=\"color: #999999;\"><i>r\u00e9serves<\/i><\/span><\/p>\n<p>[\/vc_column_text][\/vc_column][vc_column width=&#8221;1\/3&#8243; overflow=&#8221;default&#8221; offset=&#8221;vc_col-xs-4&#8243;][vc_column_text css=&#8221;.vc_custom_1643618640880{margin-top: -8px !important;}&#8221;]<\/p>\n<p style=\"text-align: center;\"><span style=\"color: #999999;\"><em>Autres demandes<\/em><\/span><\/p>\n<p>[\/vc_column_text][\/vc_column][\/vc_row][vc_row overflow=&#8221;default&#8221; el_id=&#8221;video&#8221;][vc_column width=&#8221;1\/4&#8243;][\/vc_column][vc_column width=&#8221;1\/2&#8243;]\r\n            \r\n            <div class=\"sh-empty-space vc_empty_space sh-empty-space-F8IcWLlSOU  \" style=\"height: 32px\">\r\n                <span class=\"vc_empty_space_inner\"><\/span>\r\n            <\/div>\r\n\r\n        \r\n<div class=\"sh-heading  \" id=\"heading-1qStyKgafY\">\r\n\t<div class=\"sh-element-margin\">\r\n\r\n\t\t\r\n\t\t\t<h3 class=\"sh-heading-content size-custom text-center\">\r\n\t\t\t\tVid\u00e9o de pr\u00e9sentation :\t\t\t<\/h3>\r\n\r\n\t\t\r\n\t<\/div>\r\n<\/div>\r\n            <style type=\"text\/css\">\r\n                #heading-1qStyKgafY .sh-element-margin {}@media (max-width: 1024px) {#heading-1qStyKgafY .sh-heading-content {font-size: 25px!important;}}#heading-1qStyKgafY .sh-heading-content {font-size: 25px;font-weight: 700!important;color: #007471;}#heading-1qStyKgafY .sh-heading-content,#heading-1qStyKgafY .sh-heading-additional-text {}            <\/style>\r\n        \r\n<div class=\"sh-heading  \" id=\"heading-ABxvok2dwY\">\r\n\t<div class=\"sh-element-margin\">\r\n\r\n\t\t\r\n\t\t\t<h2 class=\"sh-heading-content size-custom text-center\">\r\n\t\t\t\tD\u00e9couvrez notre vid\u00e9o de pr\u00e9sentation\t\t\t<\/h2>\r\n\r\n\t\t\r\n\t<\/div>\r\n<\/div>\r\n            <style type=\"text\/css\">\r\n                #heading-ABxvok2dwY .sh-element-margin {}@media (max-width: 1024px) {#heading-ABxvok2dwY .sh-heading-content {font-size: 22px!important;}}#heading-ABxvok2dwY .sh-heading-content {font-size: 22px;font-weight: 400!important;color: #ffffff;}#heading-ABxvok2dwY .sh-heading-content,#heading-ABxvok2dwY .sh-heading-additional-text {}            <\/style>\r\n        [vc_column_text]<\/p>\n         <style>\r\n             #player69f3b0f032616.h5vp_player { width: 100%; border-radius: 0px; overflow: hidden; }        <\/style>\r\n        <div id=\"h5vp_player\">\r\n            <div id=\"player69f3b0f032616\" class=\"h5vp_player h5vp_player_initializer\" data-settings=\"{&quot;options&quot;:{&quot;controls&quot;:[&quot;play-large&quot;,&quot;play&quot;,&quot;progress&quot;,&quot;current-time&quot;,&quot;mute&quot;,&quot;volume&quot;,&quot;settings&quot;,&quot;pip&quot;,&quot;download&quot;,&quot;fullscreen&quot;],&quot;loop&quot;:{&quot;active&quot;:true},&quot;muted&quot;:true,&quot;hideControls&quot;:true,&quot;autoplay&quot;:false},&quot;infos&quot;:{&quot;source&quot;:&quot;http:\\\/\\\/milliondeservices.com\\\/wp-content\\\/uploads\\\/2020\\\/04\\\/output_free.mp4&quot;,&quot;poster&quot;:&quot;&quot;}}\">\r\n                <video controls playsinline poster=\"\"  muted >\r\n                    <source src=\"http:\/\/milliondeservices.com\/wp-content\/uploads\/2020\/04\/output_free.mp4\" type=\"video\/mp4\">\r\n                    Your browser does not support the video tag.\r\n                <\/video>\r\n            <\/div>\r\n        <\/div>\r\n        \n<p>[\/vc_column_text][\/vc_column][vc_column width=&#8221;1\/4&#8243;][\/vc_column][\/vc_row]<\/p>\n","protected":false},"excerpt":{"rendered":"<p>[vc_row full_width=&#8221;stretch_row&#8221; content_placement=&#8221;middle&#8221; overflow=&#8221;default&#8221;][vc_column width=&#8221;1\/4&#8243; overflow=&#8221;default&#8221;][\/vc_column][vc_column width=&#8221;1\/4&#8243; overflow=&#8221;default&#8221; offset=&#8221;vc_col-lg-offset-0 vc_col-lg-2\/5&#8243;][vc_empty_space][vc_column_text] [\/vc_column_text][\/vc_column][vc_column width=&#8221;1\/4&#8243; overflow=&#8221;default&#8221;][\/vc_column][\/vc_row][vc_row full_width=&#8221;stretch_row_content_no_spaces&#8221; content_placement=&#8221;middle&#8221; background_position=&#8221;center bottom&#8221; overflow=&#8221;default&#8221; css=&#8221;.vc_custom_1590424750574{margin-top: -25px !important;padding-top: -25px !important;}&#8221;][vc_column width=&#8221;1\/3&#8243;][\/vc_column][vc_column width=&#8221;1\/3&#8243;] [vc_column_text] MULTI-SERVICES A LYON [\/vc_column_text] [\/vc_column][vc_column width=&#8221;1\/3&#8243;][\/vc_column][\/vc_row][vc_row][vc_column width=&#8221;1\/3&#8243; overflow=&#8221;default&#8221; offset=&#8221;vc_col-xs-4&#8243;][vc_column_text css=&#8221;.vc_custom_1680187706491{margin-top: -8px !important;}&#8221;] Peinture [\/vc_column_text][\/vc_column][vc_column width=&#8221;1\/3&#8243; overflow=&#8221;default&#8221; offset=&#8221;vc_col-xs-4&#8243;][vc_column_text css=&#8221;.vc_custom_1680187430351{margin-top: -8px&#8230;<\/p>\n","protected":false},"author":1,"featured_media":0,"parent":0,"menu_order":0,"comment_status":"closed","ping_status":"closed","template":"","meta":[],"yoast_head":"<!-- This site is optimized with the Yoast SEO plugin v18.0 - https:\/\/yoast.com\/wordpress\/plugins\/seo\/ -->\n<title>Accueil - Milliondeservices.com<\/title>\n<meta name=\"robots\" content=\"index, follow, max-snippet:-1, max-image-preview:large, max-video-preview:-1\" \/>\n<link rel=\"canonical\" href=\"https:\/\/milliondeservices.com\/\" \/>\n<meta property=\"og:locale\" content=\"fr_FR\" \/>\n<meta property=\"og:type\" content=\"article\" \/>\n<meta property=\"og:title\" content=\"Accueil - Milliondeservices.com\" \/>\n<meta property=\"og:description\" content=\"[vc_row full_width=&#8221;stretch_row&#8221; content_placement=&#8221;middle&#8221; overflow=&#8221;default&#8221;][vc_column width=&#8221;1\/4&#8243; overflow=&#8221;default&#8221;][\/vc_column][vc_column width=&#8221;1\/4&#8243; overflow=&#8221;default&#8221; offset=&#8221;vc_col-lg-offset-0 vc_col-lg-2\/5&#8243;][vc_empty_space][vc_column_text] [\/vc_column_text][\/vc_column][vc_column width=&#8221;1\/4&#8243; overflow=&#8221;default&#8221;][\/vc_column][\/vc_row][vc_row full_width=&#8221;stretch_row_content_no_spaces&#8221; content_placement=&#8221;middle&#8221; background_position=&#8221;center bottom&#8221; overflow=&#8221;default&#8221; css=&#8221;.vc_custom_1590424750574{margin-top: -25px !important;padding-top: -25px !important;}&#8221;][vc_column width=&#8221;1\/3&#8243;][\/vc_column][vc_column width=&#8221;1\/3&#8243;] [vc_column_text] MULTI-SERVICES A LYON [\/vc_column_text] [\/vc_column][vc_column width=&#8221;1\/3&#8243;][\/vc_column][\/vc_row][vc_row][vc_column width=&#8221;1\/3&#8243; overflow=&#8221;default&#8221; offset=&#8221;vc_col-xs-4&#8243;][vc_column_text css=&#8221;.vc_custom_1680187706491{margin-top: -8px !important;}&#8221;] Peinture [\/vc_column_text][\/vc_column][vc_column width=&#8221;1\/3&#8243; overflow=&#8221;default&#8221; offset=&#8221;vc_col-xs-4&#8243;][vc_column_text css=&#8221;.vc_custom_1680187430351{margin-top: -8px...\" \/>\n<meta property=\"og:url\" content=\"https:\/\/milliondeservices.com\/\" \/>\n<meta property=\"og:site_name\" content=\"Milliondeservices.com\" \/>\n<meta property=\"article:publisher\" content=\"https:\/\/www.facebook.com\/milliondeservices\" \/>\n<meta property=\"article:modified_time\" content=\"2023-03-30T14:48:31+00:00\" \/>\n<meta name=\"twitter:card\" content=\"summary_large_image\" \/>\n<meta name=\"twitter:label1\" content=\"Dur\u00e9e de lecture estim\u00e9e\" \/>\n\t<meta name=\"twitter:data1\" content=\"1 minute\" \/>\n<script type=\"application\/ld+json\" class=\"yoast-schema-graph\">{\"@context\":\"https:\/\/schema.org\",\"@graph\":[{\"@type\":\"Organization\",\"@id\":\"https:\/\/milliondeservices.com\/#organization\",\"name\":\"Million de services\",\"url\":\"https:\/\/milliondeservices.com\/\",\"sameAs\":[\"https:\/\/www.facebook.com\/milliondeservices\",\"https:\/\/www.instagram.com\/milliondeservices\/?hl=fr\"],\"logo\":{\"@type\":\"ImageObject\",\"@id\":\"https:\/\/milliondeservices.com\/#logo\",\"inLanguage\":\"fr-FR\",\"url\":\"http:\/\/milliondeservices.com\/wp-content\/uploads\/2020\/05\/Logo-entier-sans-outils-1-removebg-preview.png\",\"contentUrl\":\"http:\/\/milliondeservices.com\/wp-content\/uploads\/2020\/05\/Logo-entier-sans-outils-1-removebg-preview.png\",\"width\":299,\"height\":185,\"caption\":\"Million de services\"},\"image\":{\"@id\":\"https:\/\/milliondeservices.com\/#logo\"}},{\"@type\":\"WebSite\",\"@id\":\"https:\/\/milliondeservices.com\/#website\",\"url\":\"https:\/\/milliondeservices.com\/\",\"name\":\"Milliondeservices.com\",\"description\":\"Multiservices \u00e0 Lyon\",\"publisher\":{\"@id\":\"https:\/\/milliondeservices.com\/#organization\"},\"potentialAction\":[{\"@type\":\"SearchAction\",\"target\":{\"@type\":\"EntryPoint\",\"urlTemplate\":\"https:\/\/milliondeservices.com\/?s={search_term_string}\"},\"query-input\":\"required name=search_term_string\"}],\"inLanguage\":\"fr-FR\"},{\"@type\":\"WebPage\",\"@id\":\"https:\/\/milliondeservices.com\/#webpage\",\"url\":\"https:\/\/milliondeservices.com\/\",\"name\":\"Accueil - Milliondeservices.com\",\"isPartOf\":{\"@id\":\"https:\/\/milliondeservices.com\/#website\"},\"datePublished\":\"2019-10-18T15:27:03+00:00\",\"dateModified\":\"2023-03-30T14:48:31+00:00\",\"breadcrumb\":{\"@id\":\"https:\/\/milliondeservices.com\/#breadcrumb\"},\"inLanguage\":\"fr-FR\",\"potentialAction\":[{\"@type\":\"ReadAction\",\"target\":[\"https:\/\/milliondeservices.com\/\"]}]},{\"@type\":\"BreadcrumbList\",\"@id\":\"https:\/\/milliondeservices.com\/#breadcrumb\",\"itemListElement\":[{\"@type\":\"ListItem\",\"position\":1,\"name\":\"Accueil\",\"item\":\"https:\/\/milliondeservices.com\/\"},{\"@type\":\"ListItem\",\"position\":2,\"name\":\"Accueil\"}]}]}<\/script>\n<!-- \/ Yoast SEO plugin. -->","yoast_head_json":{"title":"Accueil - Milliondeservices.com","robots":{"index":"index","follow":"follow","max-snippet":"max-snippet:-1","max-image-preview":"max-image-preview:large","max-video-preview":"max-video-preview:-1"},"canonical":"https:\/\/milliondeservices.com\/","og_locale":"fr_FR","og_type":"article","og_title":"Accueil - Milliondeservices.com","og_description":"[vc_row full_width=&#8221;stretch_row&#8221; content_placement=&#8221;middle&#8221; overflow=&#8221;default&#8221;][vc_column width=&#8221;1\/4&#8243; overflow=&#8221;default&#8221;][\/vc_column][vc_column width=&#8221;1\/4&#8243; overflow=&#8221;default&#8221; offset=&#8221;vc_col-lg-offset-0 vc_col-lg-2\/5&#8243;][vc_empty_space][vc_column_text] [\/vc_column_text][\/vc_column][vc_column width=&#8221;1\/4&#8243; overflow=&#8221;default&#8221;][\/vc_column][\/vc_row][vc_row full_width=&#8221;stretch_row_content_no_spaces&#8221; content_placement=&#8221;middle&#8221; background_position=&#8221;center bottom&#8221; overflow=&#8221;default&#8221; css=&#8221;.vc_custom_1590424750574{margin-top: -25px !important;padding-top: -25px !important;}&#8221;][vc_column width=&#8221;1\/3&#8243;][\/vc_column][vc_column width=&#8221;1\/3&#8243;] [vc_column_text] MULTI-SERVICES A LYON [\/vc_column_text] [\/vc_column][vc_column width=&#8221;1\/3&#8243;][\/vc_column][\/vc_row][vc_row][vc_column width=&#8221;1\/3&#8243; overflow=&#8221;default&#8221; offset=&#8221;vc_col-xs-4&#8243;][vc_column_text css=&#8221;.vc_custom_1680187706491{margin-top: -8px !important;}&#8221;] Peinture [\/vc_column_text][\/vc_column][vc_column width=&#8221;1\/3&#8243; overflow=&#8221;default&#8221; offset=&#8221;vc_col-xs-4&#8243;][vc_column_text css=&#8221;.vc_custom_1680187430351{margin-top: -8px...","og_url":"https:\/\/milliondeservices.com\/","og_site_name":"Milliondeservices.com","article_publisher":"https:\/\/www.facebook.com\/milliondeservices","article_modified_time":"2023-03-30T14:48:31+00:00","twitter_card":"summary_large_image","twitter_misc":{"Dur\u00e9e de lecture estim\u00e9e":"1 minute"},"schema":{"@context":"https:\/\/schema.org","@graph":[{"@type":"Organization","@id":"https:\/\/milliondeservices.com\/#organization","name":"Million de services","url":"https:\/\/milliondeservices.com\/","sameAs":["https:\/\/www.facebook.com\/milliondeservices","https:\/\/www.instagram.com\/milliondeservices\/?hl=fr"],"logo":{"@type":"ImageObject","@id":"https:\/\/milliondeservices.com\/#logo","inLanguage":"fr-FR","url":"http:\/\/milliondeservices.com\/wp-content\/uploads\/2020\/05\/Logo-entier-sans-outils-1-removebg-preview.png","contentUrl":"http:\/\/milliondeservices.com\/wp-content\/uploads\/2020\/05\/Logo-entier-sans-outils-1-removebg-preview.png","width":299,"height":185,"caption":"Million de services"},"image":{"@id":"https:\/\/milliondeservices.com\/#logo"}},{"@type":"WebSite","@id":"https:\/\/milliondeservices.com\/#website","url":"https:\/\/milliondeservices.com\/","name":"Milliondeservices.com","description":"Multiservices \u00e0 Lyon","publisher":{"@id":"https:\/\/milliondeservices.com\/#organization"},"potentialAction":[{"@type":"SearchAction","target":{"@type":"EntryPoint","urlTemplate":"https:\/\/milliondeservices.com\/?s={search_term_string}"},"query-input":"required name=search_term_string"}],"inLanguage":"fr-FR"},{"@type":"WebPage","@id":"https:\/\/milliondeservices.com\/#webpage","url":"https:\/\/milliondeservices.com\/","name":"Accueil - Milliondeservices.com","isPartOf":{"@id":"https:\/\/milliondeservices.com\/#website"},"datePublished":"2019-10-18T15:27:03+00:00","dateModified":"2023-03-30T14:48:31+00:00","breadcrumb":{"@id":"https:\/\/milliondeservices.com\/#breadcrumb"},"inLanguage":"fr-FR","potentialAction":[{"@type":"ReadAction","target":["https:\/\/milliondeservices.com\/"]}]},{"@type":"BreadcrumbList","@id":"https:\/\/milliondeservices.com\/#breadcrumb","itemListElement":[{"@type":"ListItem","position":1,"name":"Accueil","item":"https:\/\/milliondeservices.com\/"},{"@type":"ListItem","position":2,"name":"Accueil"}]}]}},"_links":{"self":[{"href":"http:\/\/milliondeservices.com\/index.php\/wp-json\/wp\/v2\/pages\/584"}],"collection":[{"href":"http:\/\/milliondeservices.com\/index.php\/wp-json\/wp\/v2\/pages"}],"about":[{"href":"http:\/\/milliondeservices.com\/index.php\/wp-json\/wp\/v2\/types\/page"}],"author":[{"embeddable":true,"href":"http:\/\/milliondeservices.com\/index.php\/wp-json\/wp\/v2\/users\/1"}],"replies":[{"embeddable":true,"href":"http:\/\/milliondeservices.com\/index.php\/wp-json\/wp\/v2\/comments?post=584"}],"version-history":[{"count":558,"href":"http:\/\/milliondeservices.com\/index.php\/wp-json\/wp\/v2\/pages\/584\/revisions"}],"predecessor-version":[{"id":1905,"href":"http:\/\/milliondeservices.com\/index.php\/wp-json\/wp\/v2\/pages\/584\/revisions\/1905"}],"wp:attachment":[{"href":"http:\/\/milliondeservices.com\/index.php\/wp-json\/wp\/v2\/media?parent=584"}],"curies":[{"name":"wp","href":"https:\/\/api.w.org\/{rel}","templated":true}]}}