{"id":1217,"date":"2020-04-16T11:36:33","date_gmt":"2020-04-16T09:36:33","guid":{"rendered":"http:\/\/milliondeservices.com\/?page_id=1217"},"modified":"2022-01-12T08:53:58","modified_gmt":"2022-01-12T07:53:58","slug":"avis","status":"publish","type":"page","link":"http:\/\/milliondeservices.com\/index.php\/avis\/","title":{"rendered":"Avis"},"content":{"rendered":"<p>[vc_row][vc_column][vc_separator el_width=&#8221;70&#8243;][vc_column_text]<\/p>\n<h2>Nos avis :<\/h2>\n<p>[\/vc_column_text][vc_column_text]<div class=\"strong-view strong-view-id-2 modern wpmtst-modern\" data-count=3 data-state=idle><div class=\"strong-content strong-masonry columns-2\"><div class=\"wpmtst-testimonial testimonial post-1607\"><div class=\"wpmtst-testimonial-inner testimonial-inner\"><div   class=\"wpmtst-testimonial-content  testimonial-content\"><\/div><div class=\"wpmtst-testimonial-field testimonial-field testimonial-name\">kitzinger<\/div><div class=\"wpmtst-testimonial-field testimonial-field \">6 mars 2021<\/div><div class=\"wpmtst-testimonial-field testimonial-field \">Travaux et Ameublement<\/div><div class=\"wpmtst-testimonial-field testimonial-field \">Parfait<\/div><div class=\"wpmtst-testimonial-field testimonial-field \"><span class=\"strong-rating-wrapper in-view\"><span class=\"strong-rating\"><span class=\"star\" style=\"display: none;\"><\/span><span class=\"star\"><\/span><span class=\"star\"><\/span><span class=\"star\"><\/span><span class=\"star\"><\/span><span class=\"star current\"><\/span><\/span><\/span><\/div><div class=\"wpmtst-testimonial-field testimonial-field \">J\u2019ai fait appel \u00e0 Million de services pour des travaux et du montage de meuble. Service rapide et efficace ! Personne tr\u00e8s agr\u00e9able, professionnelle et performante !!<\/div><div class=\"clear\"><\/div><\/div><\/div><div class=\"wpmtst-testimonial testimonial post-1705\"><div class=\"wpmtst-testimonial-inner testimonial-inner\"><div   class=\"wpmtst-testimonial-content  testimonial-content\"><\/div><div class=\"wpmtst-testimonial-field testimonial-field testimonial-name\">Marceillac<\/div><div class=\"wpmtst-testimonial-field testimonial-field \">12 janvier 2022<\/div><div class=\"wpmtst-testimonial-field testimonial-field \">Pose de hotte<\/div><div class=\"wpmtst-testimonial-field testimonial-field \">tr\u00e8s bon rapport qualit\u00e9 prix.<\/div><div class=\"wpmtst-testimonial-field testimonial-field \"><span class=\"strong-rating-wrapper in-view\"><span class=\"strong-rating\"><span class=\"star\" style=\"display: none;\"><\/span><span class=\"star\"><\/span><span class=\"star\"><\/span><span class=\"star\"><\/span><span class=\"star\"><\/span><span class=\"star current\"><\/span><\/span><\/span><\/div><div class=\"wpmtst-testimonial-field testimonial-field \">Super contente de ma hotte install\u00e9e, travail tr\u00e8s bien fait, je recommande vivement .<\/div><div class=\"clear\"><\/div><\/div><\/div><div class=\"wpmtst-testimonial testimonial post-1756\"><div class=\"wpmtst-testimonial-inner testimonial-inner\"><div   class=\"wpmtst-testimonial-content  testimonial-content\"><\/div><div class=\"wpmtst-testimonial-field testimonial-field testimonial-name\">Deloison Cl\u00e9mence<\/div><div class=\"wpmtst-testimonial-field testimonial-field \">12 janvier 2022<\/div><div class=\"wpmtst-testimonial-field testimonial-field \">Diverses missions en maintenance<\/div><div class=\"wpmtst-testimonial-field testimonial-field \">Nous somme satisfaits<\/div><div class=\"wpmtst-testimonial-field testimonial-field \"><span class=\"strong-rating-wrapper in-view\"><span class=\"strong-rating\"><span class=\"star\" style=\"display: none;\"><\/span><span class=\"star\"><\/span><span class=\"star\"><\/span><span class=\"star\"><\/span><span class=\"star\"><\/span><span class=\"star current\"><\/span><\/span><\/span><\/div><div class=\"wpmtst-testimonial-field testimonial-field \">Nous faisons r\u00e9guli\u00e8rement appel \u00e0 Monsieur Million et son collaborateur pour des petits travaux de maintenance , manutention et d\u00e9pannage dans nos locaux (2500m2 Part Dieu). L'\u00e9quipe est professionnelle, efficace et solutionniste. Souvent m\u00eame salvatrice. Un climat de confiance r\u00e8gne. Je continuerai de faire appel aux millions de services d'Aymeric. Merci<\/div><div class=\"clear\"><\/div><\/div><\/div><\/div><\/div>[\/vc_column_text][\/vc_column][\/vc_row][vc_row][vc_column][vc_empty_space height=\"62px\"][vc_column_text]<\/p>\n<h2>Donnez votre avis :<\/h2>\n<p>[\/vc_column_text][vc_column_text]<div class=\"strong-view strong-form strong-view-id-1 simple-form wpmtst-simple-form\" data-state=idle><div class=\"strong-form-wait\"><div class=\"message\"><img src=\"http:\/\/milliondeservices.com\/wp-content\/plugins\/strong-testimonials\/public\/svg\/spinner-solid.svg\"><\/div><\/div><div id=\"wpmtst-form\"><div class=\"strong-form-inner\"><p class=\"required-notice\"><span class=\"required symbol\"><\/span>Obligatoire         <\/p><form id=\"wpmtst-submission-form\" method=\"post\" enctype=\"multipart\/form-data\" autocomplete=\"off\"><div style=\"display: none;\"><input type=\"hidden\" id=\"wpmtst_form_nonce\" name=\"wpmtst_form_nonce\" value=\"c8c1ca41a0\" \/><input type=\"hidden\" name=\"_wp_http_referer\" value=\"\/index.php\/wp-json\/wp\/v2\/pages\/1217\" \/><input type=\"hidden\" name=\"action\" value=\"wpmtst_form\"><input type=\"hidden\" name=\"form_id\" value=\"1\"><input type=\"hidden\" name=\"default_category\" value=\"\"><input type=\"hidden\" name=\"category\" value=\"\"><\/div><div class=\"form-field field-client_name\"><label for=\"wpmtst_client_name\" class=\"field-client_name\">Nom<\/label><span class=\"required symbol\"><\/span><input id=\"wpmtst_client_name\" type=\"text\" class=\"text\" name=\"client_name\"  value=\"\" placeholder=\"\"   required tabindex=\"0\"><span class=\"after\"><\/span><\/div><div class=\"form-field field-code_postal\"><label for=\"wpmtst_code_postal\" class=\"field-code_postal\">Code postal<\/label><span class=\"required symbol\"><\/span><input id=\"wpmtst_code_postal\" type=\"text\" class=\"text\" name=\"code_postal\"  value=\"\" placeholder=\"\"   required tabindex=\"0\"><span class=\"after\"><\/span><\/div><div class=\"form-field field-service_effectu_\"><label for=\"wpmtst_service_effectu_\" class=\"field-service_effectu_\">Service effectu\u00e9<\/label><span class=\"required symbol\"><\/span><input id=\"wpmtst_service_effectu_\" type=\"text\" class=\"text\" name=\"service_effectu_\"  value=\"\" placeholder=\"\"   required tabindex=\"0\"><span class=\"after\"><\/span><\/div><div class=\"form-field field-rapport_qualit_prix\"><label for=\"wpmtst_rapport_qualit_prix\" class=\"field-rapport_qualit_prix\">Rapport qualit\u00e9\/prix<\/label><span class=\"required symbol\"><\/span><input id=\"wpmtst_rapport_qualit_prix\" type=\"text\" class=\"text\" name=\"rapport_qualit_prix\"  value=\"\" placeholder=\"\"   required tabindex=\"0\"><span class=\"after\"><\/span><\/div><div class=\"form-field field-commentaire\"><label for=\"wpmtst_commentaire\" class=\"field-commentaire\">Commentaire<\/label><input id=\"wpmtst_commentaire\" type=\"text\" class=\"text\" name=\"commentaire\"  value=\"\" placeholder=\"\"   tabindex=\"0\"><span class=\"after\"><\/span><\/div><div class=\"form-field field-note\"><label for=\"wpmtst_note\" class=\"field-note\">Note<\/label><div class=\"strong-rating-wrapper field-wrap in-form\"><fieldset contenteditable=false\r\n                     id=\"wpmtst_note\"\r\n                     name=\"note\"\r\n                     class=\"strong-rating\"\r\n                     data-field-type=\"rating\"\r\n                     tabindex=\"0\"><legend>rating fields<\/legend><input type=\"radio\" id=\"note-star0\" name=\"note\" value=\"0\"  checked='checked' \/><label for=\"note-star0\" title=\"No stars\"><\/label><input type=\"radio\" id=\"note-star1\" name=\"note\" value=\"1\"  \/><label for=\"note-star1\" title=\"1 star\"><\/label><input type=\"radio\" id=\"note-star2\" name=\"note\" value=\"2\"  \/><label for=\"note-star2\" title=\"2 stars\"><\/label><input type=\"radio\" id=\"note-star3\" name=\"note\" value=\"3\"  \/><label for=\"note-star3\" title=\"3 stars\"><\/label><input type=\"radio\" id=\"note-star4\" name=\"note\" value=\"4\"  \/><label for=\"note-star4\" title=\"4 stars\"><\/label><input type=\"radio\" id=\"note-star5\" name=\"note\" value=\"5\"  \/><label for=\"note-star5\" title=\"5 stars\"><\/label><\/fieldset><\/div><span class=\"after\"><\/span><\/div><div class=\"form-field wpmtst-submit\"><label><input type=\"submit\" id=\"wpmtst_submit_testimonial\" name=\"wpmtst_submit_testimonial\" value=\"Donnez votre avis\" class=\"button\" tabindex=\"0\"><\/label><\/div><\/form><\/div><\/div><\/div>[\/vc_column_text][vc_separator el_width=\"70\"][vc_column_text]<\/p>\n<h2>Partagez nous :<\/h2>\n<p>[\/vc_column_text][\/vc_column][\/vc_row][vc_row][vc_column][vc_column_text]<b><div class=\"sfsi_widget sfsi_shortcode_container\"><div id=\"sfsi_wDiv\"><\/div><div class=\"norm_row sfsi_wDiv \"  style=\"width:225px;text-align:center;\"><div style='width:40px; height:40px;margin-left:5px;margin-bottom:5px; ' class='sfsi_wicons shuffeldiv ' ><div class='inerCnt'><a class=' sficn' data-effect='fade_in' target='_blank'  href='' id='sfsiid_facebook_icon' style='opacity:0.6'  ><img data-pin-nopin='true' alt='Facebook' title='Facebook' src='http:\/\/milliondeservices.com\/wp-content\/plugins\/ultimate-social-media-icons\/images\/icons_theme\/thin\/thin_facebook.png' width='40' height='40' style='' class='sfcm sfsi_wicon ' data-effect='fade_in'   \/><\/a><div class=\"sfsi_tool_tip_2 fb_tool_bdr sfsiTlleft\" style=\"opacity:0;z-index:-1;\" id=\"sfsiid_facebook\"><span class=\"bot_arow bot_fb_arow\"><\/span><div class=\"sfsi_inside\"><div  class='icon2'><div class=\"fb-like\" data-href=\"http:\/\/milliondeservices.com\/wp-json\/wp\/v2\/pages\/1217\" data-layout=\"button\" data-action=\"like\" data-show-faces=\"false\" data-share=\"true\"><\/div><\/div><div  class='icon3'><a target='_blank' href='https:\/\/www.facebook.com\/sharer\/sharer.php?u=http%3A%2F%2Fmilliondeservices.com%2Fwp-json%2Fwp%2Fv2%2Fpages%2F1217' style='display:inline-block;'  > <img class='sfsi_wicon'  data-pin-nopin='true' alt='fb-share-icon' title='Facebook Share' src='http:\/\/milliondeservices.com\/wp-content\/plugins\/ultimate-social-media-icons\/images\/share_icons\/fb_icons\/en_US.svg' \/><\/a><\/div><\/div><\/div><\/div><\/div><div style='width:40px; height:40px;margin-left:5px;margin-bottom:5px; ' class='sfsi_wicons shuffeldiv ' ><div class='inerCnt'><a class=' sficn' data-effect='fade_in' target='_blank'  href='' id='sfsiid_twitter_icon' style='opacity:0.6'  ><img data-pin-nopin='true' alt='Twitter' title='Twitter' src='http:\/\/milliondeservices.com\/wp-content\/plugins\/ultimate-social-media-icons\/images\/icons_theme\/thin\/thin_twitter.png' width='40' height='40' style='' class='sfcm sfsi_wicon ' data-effect='fade_in'   \/><\/a><div class=\"sfsi_tool_tip_2 twt_tool_bdr sfsiTlleft\" style=\"opacity:0;z-index:-1;\" id=\"sfsiid_twitter\"><span class=\"bot_arow bot_twt_arow\"><\/span><div class=\"sfsi_inside\"><div  class='icon2'><div class='sf_twiter' style='display: inline-block;vertical-align: middle;width: auto;'>\r\n\t\t\t\t\t\t<a target='_blank' href='https:\/\/twitter.com\/intent\/tweet?text=Hey%2C+check+out+this+cool+site+I+found%3A+www.yourname.com+%23Topic+via%40my_twitter_name+http:\/\/milliondeservices.com\/wp-json\/wp\/v2\/pages\/1217' style='display:inline-block' >\r\n\t\t\t\t\t\t\t<img data-pin-nopin= true class='sfsi_wicon' src='http:\/\/milliondeservices.com\/wp-content\/plugins\/ultimate-social-media-icons\/images\/share_icons\/Twitter_Tweet\/en_US_Tweet.svg' alt='Tweet' title='Tweet' >\r\n\t\t\t\t\t\t<\/a>\r\n\t\t\t\t\t<\/div><\/div><\/div><\/div><\/div><\/div><div style='width:40px; height:40px;margin-left:5px;margin-bottom:5px; ' class='sfsi_wicons shuffeldiv ' ><div class='inerCnt'><a class=' sficn' data-effect='fade_in' target='_blank'  href='' id='sfsiid_linkedin_icon' style='opacity:0.6'  ><img data-pin-nopin='true' alt='LinkedIn' title='LinkedIn' src='http:\/\/milliondeservices.com\/wp-content\/plugins\/ultimate-social-media-icons\/images\/icons_theme\/thin\/thin_linkedin.png' width='40' height='40' style='' class='sfcm sfsi_wicon ' data-effect='fade_in'   \/><\/a><div class=\"sfsi_tool_tip_2 linkedin_tool_bdr sfsiTlleft\" style=\"opacity:0;z-index:-1;\" id=\"sfsiid_linkedin\"><span class=\"bot_arow bot_linkedin_arow\"><\/span><div class=\"sfsi_inside\"><div  class='icon2'><a target='_blank' href=\"https:\/\/www.linkedin.com\/shareArticle?url=http%3A%2F%2Fmilliondeservices.com%2Fwp-json%2Fwp%2Fv2%2Fpages%2F1217\"><img class=\"sfsi_wicon\" data-pin-nopin= true alt=\"Share\" title=\"Share\" src=\"http:\/\/milliondeservices.com\/wp-content\/plugins\/ultimate-social-media-icons\/images\/share_icons\/Linkedin_Share\/en_US_share.svg\" \/><\/a><\/div><\/div><\/div><\/div><\/div><div style='width:40px; height:40px;margin-left:5px;margin-bottom:5px; ' class='sfsi_wicons shuffeldiv ' ><div class='inerCnt'><a class=' sficn' data-effect='fade_in' target='_blank'  href='' id='sfsiid_instagram_icon' style='opacity:0.6'  ><img data-pin-nopin='true' alt='Instagram' title='Instagram' src='http:\/\/milliondeservices.com\/wp-content\/plugins\/ultimate-social-media-icons\/images\/icons_theme\/thin\/thin_instagram.png' width='40' height='40' style='' class='sfcm sfsi_wicon ' data-effect='fade_in'   \/><\/a><\/div><\/div><\/div ><div id=\"sfsi_holder\" class=\"sfsi_holders\" style=\"position: relative; float: left;width:100%;z-index:-1;\"><\/div ><script>window.addEventListener(\"sfsi_functions_loaded\", function() \r\n\t\t\t{\r\n\t\t\t\tif (typeof sfsi_widget_set == \"function\") {\r\n\t\t\t\t\tsfsi_widget_set();\r\n\t\t\t\t}\r\n\t\t\t}); <\/script><div style=\"clear: both;\"><\/div><\/div><\/b>[\/vc_column_text][\/vc_column][\/vc_row]<\/p>\n","protected":false},"excerpt":{"rendered":"<p>[vc_row][vc_column][vc_separator el_width=&#8221;70&#8243;][vc_column_text] Nos avis : [\/vc_column_text][vc_column_text]kitzinger6 mars 2021Travaux et AmeublementParfaitJ\u2019ai fait appel \u00e0 Million de services pour des travaux et du montage de meuble. Service rapide et efficace ! Personne tr\u00e8s agr\u00e9able, professionnelle et performante !!Marceillac12 janvier 2022Pose de hottetr\u00e8s bon rapport qualit\u00e9 prix.Super contente<a href=\"http:\/\/milliondeservices.com\/index.php\/avis\/\" class=\"readmore\">Lire plus<span class=\"screen-reader-text\"> &#8220;Avis&#8221;<\/span><\/a><\/p>\n","protected":false},"author":1,"featured_media":0,"parent":0,"menu_order":0,"comment_status":"closed","ping_status":"closed","template":"","meta":[],"yoast_head":"<!-- This site is optimized with the Yoast SEO plugin v18.0 - https:\/\/yoast.com\/wordpress\/plugins\/seo\/ -->\n<title>Avis - Milliondeservices.com<\/title>\n<meta name=\"robots\" content=\"index, follow, max-snippet:-1, max-image-preview:large, max-video-preview:-1\" \/>\n<link rel=\"canonical\" href=\"http:\/\/milliondeservices.com\/index.php\/avis\/\" \/>\n<meta property=\"og:locale\" content=\"fr_FR\" \/>\n<meta property=\"og:type\" content=\"article\" \/>\n<meta property=\"og:title\" content=\"Avis - Milliondeservices.com\" \/>\n<meta property=\"og:description\" content=\"[vc_row][vc_column][vc_separator el_width=&#8221;70&#8243;][vc_column_text] Nos avis : [\/vc_column_text][vc_column_text]kitzinger6 mars 2021Travaux et AmeublementParfaitJ\u2019ai fait appel \u00e0 Million de services pour des travaux et du montage de meuble. Service rapide et efficace ! Personne tr\u00e8s agr\u00e9able, professionnelle et performante !!Marceillac12 janvier 2022Pose de hottetr\u00e8s bon rapport qualit\u00e9 prix.Super contenteLire plus &quot;Avis&quot;\" \/>\n<meta property=\"og:url\" content=\"http:\/\/milliondeservices.com\/index.php\/avis\/\" \/>\n<meta property=\"og:site_name\" content=\"Milliondeservices.com\" \/>\n<meta property=\"article:publisher\" content=\"https:\/\/www.facebook.com\/milliondeservices\" \/>\n<meta property=\"article:modified_time\" content=\"2022-01-12T07:53:58+00:00\" \/>\n<meta name=\"twitter:card\" content=\"summary_large_image\" \/>\n<script type=\"application\/ld+json\" class=\"yoast-schema-graph\">{\"@context\":\"https:\/\/schema.org\",\"@graph\":[{\"@type\":\"Organization\",\"@id\":\"https:\/\/milliondeservices.com\/#organization\",\"name\":\"Million de services\",\"url\":\"https:\/\/milliondeservices.com\/\",\"sameAs\":[\"https:\/\/www.facebook.com\/milliondeservices\",\"https:\/\/www.instagram.com\/milliondeservices\/?hl=fr\"],\"logo\":{\"@type\":\"ImageObject\",\"@id\":\"https:\/\/milliondeservices.com\/#logo\",\"inLanguage\":\"fr-FR\",\"url\":\"http:\/\/milliondeservices.com\/wp-content\/uploads\/2020\/05\/Logo-entier-sans-outils-1-removebg-preview.png\",\"contentUrl\":\"http:\/\/milliondeservices.com\/wp-content\/uploads\/2020\/05\/Logo-entier-sans-outils-1-removebg-preview.png\",\"width\":299,\"height\":185,\"caption\":\"Million de services\"},\"image\":{\"@id\":\"https:\/\/milliondeservices.com\/#logo\"}},{\"@type\":\"WebSite\",\"@id\":\"https:\/\/milliondeservices.com\/#website\",\"url\":\"https:\/\/milliondeservices.com\/\",\"name\":\"Milliondeservices.com\",\"description\":\"Multiservices \u00e0 Lyon\",\"publisher\":{\"@id\":\"https:\/\/milliondeservices.com\/#organization\"},\"potentialAction\":[{\"@type\":\"SearchAction\",\"target\":{\"@type\":\"EntryPoint\",\"urlTemplate\":\"https:\/\/milliondeservices.com\/?s={search_term_string}\"},\"query-input\":\"required name=search_term_string\"}],\"inLanguage\":\"fr-FR\"},{\"@type\":\"WebPage\",\"@id\":\"http:\/\/milliondeservices.com\/index.php\/avis\/#webpage\",\"url\":\"http:\/\/milliondeservices.com\/index.php\/avis\/\",\"name\":\"Avis - Milliondeservices.com\",\"isPartOf\":{\"@id\":\"https:\/\/milliondeservices.com\/#website\"},\"datePublished\":\"2020-04-16T09:36:33+00:00\",\"dateModified\":\"2022-01-12T07:53:58+00:00\",\"breadcrumb\":{\"@id\":\"http:\/\/milliondeservices.com\/index.php\/avis\/#breadcrumb\"},\"inLanguage\":\"fr-FR\",\"potentialAction\":[{\"@type\":\"ReadAction\",\"target\":[\"http:\/\/milliondeservices.com\/index.php\/avis\/\"]}]},{\"@type\":\"BreadcrumbList\",\"@id\":\"http:\/\/milliondeservices.com\/index.php\/avis\/#breadcrumb\",\"itemListElement\":[{\"@type\":\"ListItem\",\"position\":1,\"name\":\"Accueil\",\"item\":\"https:\/\/milliondeservices.com\/\"},{\"@type\":\"ListItem\",\"position\":2,\"name\":\"Avis\"}]}]}<\/script>\n<!-- \/ Yoast SEO plugin. -->","yoast_head_json":{"title":"Avis - Milliondeservices.com","robots":{"index":"index","follow":"follow","max-snippet":"max-snippet:-1","max-image-preview":"max-image-preview:large","max-video-preview":"max-video-preview:-1"},"canonical":"http:\/\/milliondeservices.com\/index.php\/avis\/","og_locale":"fr_FR","og_type":"article","og_title":"Avis - Milliondeservices.com","og_description":"[vc_row][vc_column][vc_separator el_width=&#8221;70&#8243;][vc_column_text] Nos avis : [\/vc_column_text][vc_column_text]kitzinger6 mars 2021Travaux et AmeublementParfaitJ\u2019ai fait appel \u00e0 Million de services pour des travaux et du montage de meuble. Service rapide et efficace ! Personne tr\u00e8s agr\u00e9able, professionnelle et performante !!Marceillac12 janvier 2022Pose de hottetr\u00e8s bon rapport qualit\u00e9 prix.Super contenteLire plus \"Avis\"","og_url":"http:\/\/milliondeservices.com\/index.php\/avis\/","og_site_name":"Milliondeservices.com","article_publisher":"https:\/\/www.facebook.com\/milliondeservices","article_modified_time":"2022-01-12T07:53:58+00:00","twitter_card":"summary_large_image","schema":{"@context":"https:\/\/schema.org","@graph":[{"@type":"Organization","@id":"https:\/\/milliondeservices.com\/#organization","name":"Million de services","url":"https:\/\/milliondeservices.com\/","sameAs":["https:\/\/www.facebook.com\/milliondeservices","https:\/\/www.instagram.com\/milliondeservices\/?hl=fr"],"logo":{"@type":"ImageObject","@id":"https:\/\/milliondeservices.com\/#logo","inLanguage":"fr-FR","url":"http:\/\/milliondeservices.com\/wp-content\/uploads\/2020\/05\/Logo-entier-sans-outils-1-removebg-preview.png","contentUrl":"http:\/\/milliondeservices.com\/wp-content\/uploads\/2020\/05\/Logo-entier-sans-outils-1-removebg-preview.png","width":299,"height":185,"caption":"Million de services"},"image":{"@id":"https:\/\/milliondeservices.com\/#logo"}},{"@type":"WebSite","@id":"https:\/\/milliondeservices.com\/#website","url":"https:\/\/milliondeservices.com\/","name":"Milliondeservices.com","description":"Multiservices \u00e0 Lyon","publisher":{"@id":"https:\/\/milliondeservices.com\/#organization"},"potentialAction":[{"@type":"SearchAction","target":{"@type":"EntryPoint","urlTemplate":"https:\/\/milliondeservices.com\/?s={search_term_string}"},"query-input":"required name=search_term_string"}],"inLanguage":"fr-FR"},{"@type":"WebPage","@id":"http:\/\/milliondeservices.com\/index.php\/avis\/#webpage","url":"http:\/\/milliondeservices.com\/index.php\/avis\/","name":"Avis - Milliondeservices.com","isPartOf":{"@id":"https:\/\/milliondeservices.com\/#website"},"datePublished":"2020-04-16T09:36:33+00:00","dateModified":"2022-01-12T07:53:58+00:00","breadcrumb":{"@id":"http:\/\/milliondeservices.com\/index.php\/avis\/#breadcrumb"},"inLanguage":"fr-FR","potentialAction":[{"@type":"ReadAction","target":["http:\/\/milliondeservices.com\/index.php\/avis\/"]}]},{"@type":"BreadcrumbList","@id":"http:\/\/milliondeservices.com\/index.php\/avis\/#breadcrumb","itemListElement":[{"@type":"ListItem","position":1,"name":"Accueil","item":"https:\/\/milliondeservices.com\/"},{"@type":"ListItem","position":2,"name":"Avis"}]}]}},"_links":{"self":[{"href":"http:\/\/milliondeservices.com\/index.php\/wp-json\/wp\/v2\/pages\/1217"}],"collection":[{"href":"http:\/\/milliondeservices.com\/index.php\/wp-json\/wp\/v2\/pages"}],"about":[{"href":"http:\/\/milliondeservices.com\/index.php\/wp-json\/wp\/v2\/types\/page"}],"author":[{"embeddable":true,"href":"http:\/\/milliondeservices.com\/index.php\/wp-json\/wp\/v2\/users\/1"}],"replies":[{"embeddable":true,"href":"http:\/\/milliondeservices.com\/index.php\/wp-json\/wp\/v2\/comments?post=1217"}],"version-history":[{"count":50,"href":"http:\/\/milliondeservices.com\/index.php\/wp-json\/wp\/v2\/pages\/1217\/revisions"}],"predecessor-version":[{"id":1707,"href":"http:\/\/milliondeservices.com\/index.php\/wp-json\/wp\/v2\/pages\/1217\/revisions\/1707"}],"wp:attachment":[{"href":"http:\/\/milliondeservices.com\/index.php\/wp-json\/wp\/v2\/media?parent=1217"}],"curies":[{"name":"wp","href":"https:\/\/api.w.org\/{rel}","templated":true}]}}