{"id":1213,"date":"2020-04-16T11:35:53","date_gmt":"2020-04-16T09:35:53","guid":{"rendered":"http:\/\/milliondeservices.com\/?page_id=1213"},"modified":"2022-02-01T13:29:00","modified_gmt":"2022-02-01T12:29:00","slug":"qui-sommes-nous","status":"publish","type":"page","link":"http:\/\/milliondeservices.com\/index.php\/qui-sommes-nous\/","title":{"rendered":"Qui sommes nous ?"},"content":{"rendered":"<p>[vc_row][vc_column][vc_empty_space][\/vc_column][\/vc_row][vc_row][vc_column][vc_column_text]<\/p>\n<p style=\"text-align: center;\"><b>Pourquoi utiliser Million de Services ?<\/b><\/p>\n<p>[\/vc_column_text][\/vc_column][\/vc_row][vc_row][vc_column width=&#8221;1\/4&#8243;][\/vc_column][vc_column width=&#8221;1\/2&#8243;][vc_column_text]<\/p>\n         <style>\r\n             #player69f47f0d168a6.h5vp_player { width: 100%; border-radius: 0px; overflow: hidden; }        <\/style>\r\n        <div id=\"h5vp_player\">\r\n            <div id=\"player69f47f0d168a6\" class=\"h5vp_player h5vp_player_initializer\" data-settings=\"{&quot;options&quot;:{&quot;controls&quot;:[&quot;play-large&quot;,&quot;play&quot;,&quot;progress&quot;,&quot;current-time&quot;,&quot;mute&quot;,&quot;volume&quot;,&quot;settings&quot;,&quot;pip&quot;,&quot;download&quot;,&quot;fullscreen&quot;],&quot;loop&quot;:{&quot;active&quot;:true},&quot;muted&quot;:true,&quot;hideControls&quot;:true,&quot;autoplay&quot;:false},&quot;infos&quot;:{&quot;source&quot;:&quot;http:\\\/\\\/milliondeservices.com\\\/wp-content\\\/uploads\\\/2020\\\/04\\\/output_free.mp4&quot;,&quot;poster&quot;:&quot;&quot;}}\">\r\n                <video controls playsinline poster=\"\"  muted >\r\n                    <source src=\"http:\/\/milliondeservices.com\/wp-content\/uploads\/2020\/04\/output_free.mp4\" type=\"video\/mp4\">\r\n                    Your browser does not support the video tag.\r\n                <\/video>\r\n            <\/div>\r\n        <\/div>\r\n        \n<p>[\/vc_column_text][\/vc_column][vc_column width=&#8221;1\/4&#8243;][\/vc_column][\/vc_row][vc_row][vc_column][vc_column_text]<span style=\"font-weight: 400;\">C&#8217;est l&#8217;histoire d&#8217;un homme qui \u00e9tait curieux et bricoleur et boom ! il\u00a0 monta sa soci\u00e9t\u00e9 de travaux et multi-services.<\/span><\/p>\n<p><span style=\"font-weight: 400;\">En 2020, Aymeric cr\u00e9\u00e9 la soci\u00e9t\u00e9 Million de Services bas\u00e9e \u00e0 Lyon 69005.<\/span><\/p>\n<p>&nbsp;<\/p>\n<p><b>Notre activit\u00e9<\/b><\/p>\n<p><span style=\"font-weight: 400;\">Principalement sur Lyon et ses r\u00e9gions adjacentes, Million de Services vous propose ses services de travaux et services associ\u00e9s. Nous sommes \u00e0 votre disposition pour tous vos besoins de travaux et services \u00e0 domicile ou au sein de votre entreprise. <\/span><\/p>\n<p><span style=\"font-weight: 400;\">Entour\u00e9 d&#8217;une \u00e9quipe de professionnels, Million de Services vous conseillera \u00e9galement pour vos projets personnels de r\u00e9am\u00e9nagement.<\/span><\/p>\n<p>&nbsp;<\/p>\n<p><b>Notre objectif<\/b><\/p>\n<p><span style=\"font-weight: 400;\">Notre objectif est simple, vous simplifier la vie en respectant vos besoins et vos exigences.<\/span><\/p>\n<p>&nbsp;<\/p>\n<p><b>Le concept du site internet<\/b><\/p>\n<ol>\n<li><span style=\"font-weight: 400;\"> Faites votre demande<\/span><\/li>\n<\/ol>\n<p><span style=\"font-weight: 400;\">En ligne via votre ordinateur, tablette ou smartphone<\/span><\/p>\n<ol start=\"2\">\n<li><span style=\"font-weight: 400;\"> Validez votre demande<\/span><\/li>\n<\/ol>\n<p><span style=\"font-weight: 400;\">Vous serez rapidement contact\u00e9<\/span><\/p>\n<ol start=\"3\">\n<li><span style=\"font-weight: 400;\"> Profitez de la prestation<\/span><\/li>\n<\/ol>\n<p><span style=\"font-weight: 400;\">Aymeric et ses partenaires r\u00e9aliserons la prestation apr\u00e8s acceptation du devis propos\u00e9<\/span><\/p>\n<ol start=\"4\">\n<li><span style=\"font-weight: 400;\"> \u00c9valuez le service<\/span><\/li>\n<\/ol>\n<p><span style=\"font-weight: 400;\">Vous noterez la prestation: votre avis est pr\u00e9cieux pour conserver un niveau de service irr\u00e9prochable<\/span>[\/vc_column_text][\/vc_column][vc_column][\/vc_column][vc_column][\/vc_column][\/vc_row]<\/p>\n","protected":false},"excerpt":{"rendered":"<p>[vc_row][vc_column][vc_empty_space][\/vc_column][\/vc_row][vc_row][vc_column][vc_column_text] Pourquoi utiliser Million de Services ? [\/vc_column_text][\/vc_column][\/vc_row][vc_row][vc_column width=&#8221;1\/4&#8243;][\/vc_column][vc_column width=&#8221;1\/2&#8243;][vc_column_text] Your browser does not support the video tag. [\/vc_column_text][\/vc_column][vc_column width=&#8221;1\/4&#8243;][\/vc_column][\/vc_row][vc_row][vc_column][vc_column_text]C&#8217;est l&#8217;histoire d&#8217;un homme qui \u00e9tait curieux et bricoleur et boom ! il\u00a0 monta sa soci\u00e9t\u00e9 de travaux et multi-services. En 2020, Aymeric cr\u00e9\u00e9 la soci\u00e9t\u00e9&#8230;<\/p>\n","protected":false},"author":1,"featured_media":0,"parent":0,"menu_order":0,"comment_status":"closed","ping_status":"closed","template":"","meta":[],"yoast_head":"<!-- This site is optimized with the Yoast SEO plugin v18.0 - https:\/\/yoast.com\/wordpress\/plugins\/seo\/ -->\n<title>Qui sommes nous ? - Milliondeservices.com<\/title>\n<meta name=\"robots\" content=\"index, follow, max-snippet:-1, max-image-preview:large, max-video-preview:-1\" \/>\n<link rel=\"canonical\" href=\"http:\/\/milliondeservices.com\/index.php\/qui-sommes-nous\/\" \/>\n<meta property=\"og:locale\" content=\"fr_FR\" \/>\n<meta property=\"og:type\" content=\"article\" \/>\n<meta property=\"og:title\" content=\"Qui sommes nous ? - Milliondeservices.com\" \/>\n<meta property=\"og:description\" content=\"[vc_row][vc_column][vc_empty_space][\/vc_column][\/vc_row][vc_row][vc_column][vc_column_text] Pourquoi utiliser Million de Services ? [\/vc_column_text][\/vc_column][\/vc_row][vc_row][vc_column width=&#8221;1\/4&#8243;][\/vc_column][vc_column width=&#8221;1\/2&#8243;][vc_column_text] Your browser does not support the video tag. [\/vc_column_text][\/vc_column][vc_column width=&#8221;1\/4&#8243;][\/vc_column][\/vc_row][vc_row][vc_column][vc_column_text]C&#8217;est l&#8217;histoire d&#8217;un homme qui \u00e9tait curieux et bricoleur et boom ! il\u00a0 monta sa soci\u00e9t\u00e9 de travaux et multi-services. En 2020, Aymeric cr\u00e9\u00e9 la soci\u00e9t\u00e9...\" \/>\n<meta property=\"og:url\" content=\"http:\/\/milliondeservices.com\/index.php\/qui-sommes-nous\/\" \/>\n<meta property=\"og:site_name\" content=\"Milliondeservices.com\" \/>\n<meta property=\"article:publisher\" content=\"https:\/\/www.facebook.com\/milliondeservices\" \/>\n<meta property=\"article:modified_time\" content=\"2022-02-01T12:29:00+00:00\" \/>\n<meta name=\"twitter:card\" content=\"summary_large_image\" \/>\n<meta name=\"twitter:label1\" content=\"Dur\u00e9e de lecture estim\u00e9e\" \/>\n\t<meta name=\"twitter:data1\" content=\"1 minute\" \/>\n<script type=\"application\/ld+json\" class=\"yoast-schema-graph\">{\"@context\":\"https:\/\/schema.org\",\"@graph\":[{\"@type\":\"Organization\",\"@id\":\"https:\/\/milliondeservices.com\/#organization\",\"name\":\"Million de services\",\"url\":\"https:\/\/milliondeservices.com\/\",\"sameAs\":[\"https:\/\/www.facebook.com\/milliondeservices\",\"https:\/\/www.instagram.com\/milliondeservices\/?hl=fr\"],\"logo\":{\"@type\":\"ImageObject\",\"@id\":\"https:\/\/milliondeservices.com\/#logo\",\"inLanguage\":\"fr-FR\",\"url\":\"http:\/\/milliondeservices.com\/wp-content\/uploads\/2020\/05\/Logo-entier-sans-outils-1-removebg-preview.png\",\"contentUrl\":\"http:\/\/milliondeservices.com\/wp-content\/uploads\/2020\/05\/Logo-entier-sans-outils-1-removebg-preview.png\",\"width\":299,\"height\":185,\"caption\":\"Million de services\"},\"image\":{\"@id\":\"https:\/\/milliondeservices.com\/#logo\"}},{\"@type\":\"WebSite\",\"@id\":\"https:\/\/milliondeservices.com\/#website\",\"url\":\"https:\/\/milliondeservices.com\/\",\"name\":\"Milliondeservices.com\",\"description\":\"Multiservices \u00e0 Lyon\",\"publisher\":{\"@id\":\"https:\/\/milliondeservices.com\/#organization\"},\"potentialAction\":[{\"@type\":\"SearchAction\",\"target\":{\"@type\":\"EntryPoint\",\"urlTemplate\":\"https:\/\/milliondeservices.com\/?s={search_term_string}\"},\"query-input\":\"required name=search_term_string\"}],\"inLanguage\":\"fr-FR\"},{\"@type\":\"WebPage\",\"@id\":\"http:\/\/milliondeservices.com\/index.php\/qui-sommes-nous\/#webpage\",\"url\":\"http:\/\/milliondeservices.com\/index.php\/qui-sommes-nous\/\",\"name\":\"Qui sommes nous ? - Milliondeservices.com\",\"isPartOf\":{\"@id\":\"https:\/\/milliondeservices.com\/#website\"},\"datePublished\":\"2020-04-16T09:35:53+00:00\",\"dateModified\":\"2022-02-01T12:29:00+00:00\",\"breadcrumb\":{\"@id\":\"http:\/\/milliondeservices.com\/index.php\/qui-sommes-nous\/#breadcrumb\"},\"inLanguage\":\"fr-FR\",\"potentialAction\":[{\"@type\":\"ReadAction\",\"target\":[\"http:\/\/milliondeservices.com\/index.php\/qui-sommes-nous\/\"]}]},{\"@type\":\"BreadcrumbList\",\"@id\":\"http:\/\/milliondeservices.com\/index.php\/qui-sommes-nous\/#breadcrumb\",\"itemListElement\":[{\"@type\":\"ListItem\",\"position\":1,\"name\":\"Accueil\",\"item\":\"https:\/\/milliondeservices.com\/\"},{\"@type\":\"ListItem\",\"position\":2,\"name\":\"Qui sommes nous ?\"}]}]}<\/script>\n<!-- \/ Yoast SEO plugin. -->","yoast_head_json":{"title":"Qui sommes nous ? - Milliondeservices.com","robots":{"index":"index","follow":"follow","max-snippet":"max-snippet:-1","max-image-preview":"max-image-preview:large","max-video-preview":"max-video-preview:-1"},"canonical":"http:\/\/milliondeservices.com\/index.php\/qui-sommes-nous\/","og_locale":"fr_FR","og_type":"article","og_title":"Qui sommes nous ? - Milliondeservices.com","og_description":"[vc_row][vc_column][vc_empty_space][\/vc_column][\/vc_row][vc_row][vc_column][vc_column_text] Pourquoi utiliser Million de Services ? [\/vc_column_text][\/vc_column][\/vc_row][vc_row][vc_column width=&#8221;1\/4&#8243;][\/vc_column][vc_column width=&#8221;1\/2&#8243;][vc_column_text] Your browser does not support the video tag. [\/vc_column_text][\/vc_column][vc_column width=&#8221;1\/4&#8243;][\/vc_column][\/vc_row][vc_row][vc_column][vc_column_text]C&#8217;est l&#8217;histoire d&#8217;un homme qui \u00e9tait curieux et bricoleur et boom ! il\u00a0 monta sa soci\u00e9t\u00e9 de travaux et multi-services. En 2020, Aymeric cr\u00e9\u00e9 la soci\u00e9t\u00e9...","og_url":"http:\/\/milliondeservices.com\/index.php\/qui-sommes-nous\/","og_site_name":"Milliondeservices.com","article_publisher":"https:\/\/www.facebook.com\/milliondeservices","article_modified_time":"2022-02-01T12:29:00+00:00","twitter_card":"summary_large_image","twitter_misc":{"Dur\u00e9e de lecture estim\u00e9e":"1 minute"},"schema":{"@context":"https:\/\/schema.org","@graph":[{"@type":"Organization","@id":"https:\/\/milliondeservices.com\/#organization","name":"Million de services","url":"https:\/\/milliondeservices.com\/","sameAs":["https:\/\/www.facebook.com\/milliondeservices","https:\/\/www.instagram.com\/milliondeservices\/?hl=fr"],"logo":{"@type":"ImageObject","@id":"https:\/\/milliondeservices.com\/#logo","inLanguage":"fr-FR","url":"http:\/\/milliondeservices.com\/wp-content\/uploads\/2020\/05\/Logo-entier-sans-outils-1-removebg-preview.png","contentUrl":"http:\/\/milliondeservices.com\/wp-content\/uploads\/2020\/05\/Logo-entier-sans-outils-1-removebg-preview.png","width":299,"height":185,"caption":"Million de services"},"image":{"@id":"https:\/\/milliondeservices.com\/#logo"}},{"@type":"WebSite","@id":"https:\/\/milliondeservices.com\/#website","url":"https:\/\/milliondeservices.com\/","name":"Milliondeservices.com","description":"Multiservices \u00e0 Lyon","publisher":{"@id":"https:\/\/milliondeservices.com\/#organization"},"potentialAction":[{"@type":"SearchAction","target":{"@type":"EntryPoint","urlTemplate":"https:\/\/milliondeservices.com\/?s={search_term_string}"},"query-input":"required name=search_term_string"}],"inLanguage":"fr-FR"},{"@type":"WebPage","@id":"http:\/\/milliondeservices.com\/index.php\/qui-sommes-nous\/#webpage","url":"http:\/\/milliondeservices.com\/index.php\/qui-sommes-nous\/","name":"Qui sommes nous ? - Milliondeservices.com","isPartOf":{"@id":"https:\/\/milliondeservices.com\/#website"},"datePublished":"2020-04-16T09:35:53+00:00","dateModified":"2022-02-01T12:29:00+00:00","breadcrumb":{"@id":"http:\/\/milliondeservices.com\/index.php\/qui-sommes-nous\/#breadcrumb"},"inLanguage":"fr-FR","potentialAction":[{"@type":"ReadAction","target":["http:\/\/milliondeservices.com\/index.php\/qui-sommes-nous\/"]}]},{"@type":"BreadcrumbList","@id":"http:\/\/milliondeservices.com\/index.php\/qui-sommes-nous\/#breadcrumb","itemListElement":[{"@type":"ListItem","position":1,"name":"Accueil","item":"https:\/\/milliondeservices.com\/"},{"@type":"ListItem","position":2,"name":"Qui sommes nous ?"}]}]}},"_links":{"self":[{"href":"http:\/\/milliondeservices.com\/index.php\/wp-json\/wp\/v2\/pages\/1213"}],"collection":[{"href":"http:\/\/milliondeservices.com\/index.php\/wp-json\/wp\/v2\/pages"}],"about":[{"href":"http:\/\/milliondeservices.com\/index.php\/wp-json\/wp\/v2\/types\/page"}],"author":[{"embeddable":true,"href":"http:\/\/milliondeservices.com\/index.php\/wp-json\/wp\/v2\/users\/1"}],"replies":[{"embeddable":true,"href":"http:\/\/milliondeservices.com\/index.php\/wp-json\/wp\/v2\/comments?post=1213"}],"version-history":[{"count":36,"href":"http:\/\/milliondeservices.com\/index.php\/wp-json\/wp\/v2\/pages\/1213\/revisions"}],"predecessor-version":[{"id":1869,"href":"http:\/\/milliondeservices.com\/index.php\/wp-json\/wp\/v2\/pages\/1213\/revisions\/1869"}],"wp:attachment":[{"href":"http:\/\/milliondeservices.com\/index.php\/wp-json\/wp\/v2\/media?parent=1213"}],"curies":[{"name":"wp","href":"https:\/\/api.w.org\/{rel}","templated":true}]}}